{"id":4092,"date":"2021-10-27T19:47:56","date_gmt":"2021-10-27T19:47:56","guid":{"rendered":"https:\/\/yogastudiobliss.org\/?post_type=product&#038;p=4092"},"modified":"2024-09-01T01:56:46","modified_gmt":"2024-09-01T01:56:46","slug":"dvomesecni-program-yoge","status":"publish","type":"product","link":"https:\/\/yogastudiobliss.org\/en\/\u043f\u0440\u043e\u0438\u0437\u0432\u043e\u0434\/dvomesecni-program-yoge\/","title":{"rendered":"Two-Month Yoga Program &#8211; Registered Clients"},"content":{"rendered":"","protected":false},"excerpt":{"rendered":"<p>Dvomese\u010dni programam sa popustom od 15% za sve uplate izvr\u0161ene do 15.novembra!!!<\/p>\n<p>Uz kombinaciju YIN yoge i HATHA yoge istovremeno OSNA\u017dITE i OPUSTITE telo i um!<\/p>\n<p>16 \u010dasova po va\u0161em izboru u periodu od 01.11.2021 do 01.01.2021 u studio Blis ili OnLine<\/p>\n","protected":false},"featured_media":0,"template":"","meta":[],"product_cat":[40,51],"product_tag":[],"class_list":{"0":"post-4092","1":"product","2":"type-product","3":"status-publish","5":"product_cat-discounts-and-promotions","6":"product_cat-online-reservations","8":"first","9":"instock","10":"downloadable","11":"shipping-taxable","12":"purchasable","13":"product-type-simple"},"yoast_head":"<!-- This site is optimized with the Yoast SEO plugin v23.3 - https:\/\/yoast.com\/wordpress\/plugins\/seo\/ -->\n<title>Two-Month Yoga Program - Registered Clients - Yoga Studio Bliss<\/title>\n<meta name=\"robots\" content=\"index, follow, max-snippet:-1, max-image-preview:large, max-video-preview:-1\" \/>\n<link rel=\"canonical\" href=\"https:\/\/yogastudiobliss.org\/en\/\u043f\u0440\u043e\u0438\u0437\u0432\u043e\u0434\/dvomesecni-program-yoge\/\" \/>\n<meta property=\"og:locale\" content=\"en_US\" \/>\n<meta property=\"og:type\" content=\"article\" \/>\n<meta property=\"og:title\" content=\"Two-Month Yoga Program - Registered Clients - Yoga Studio Bliss\" \/>\n<meta property=\"og:description\" content=\"Dvomese\u010dni programam sa popustom od 15% za sve uplate izvr\u0161ene do 15.novembra!!!  Uz kombinaciju YIN yoge i HATHA yoge istovremeno OSNA\u017dITE i OPUSTITE telo i um!  16 \u010dasova po va\u0161em izboru u periodu od 01.11.2021 do 01.01.2021 u studio Blis ili OnLine\" \/>\n<meta property=\"og:url\" content=\"https:\/\/yogastudiobliss.org\/en\/\u043f\u0440\u043e\u0438\u0437\u0432\u043e\u0434\/dvomesecni-program-yoge\/\" \/>\n<meta property=\"og:site_name\" content=\"Yoga Studio Bliss\" \/>\n<meta property=\"article:modified_time\" content=\"2024-09-01T01:56:46+00:00\" \/>\n<meta name=\"twitter:card\" content=\"summary_large_image\" \/>\n<script type=\"application\/ld+json\" class=\"yoast-schema-graph\">{\"@context\":\"https:\/\/schema.org\",\"@graph\":[{\"@type\":\"WebPage\",\"@id\":\"https:\/\/yogastudiobliss.org\/en\/\u043f\u0440\u043e\u0438\u0437\u0432\u043e\u0434\/dvomesecni-program-yoge\/\",\"url\":\"https:\/\/yogastudiobliss.org\/en\/\u043f\u0440\u043e\u0438\u0437\u0432\u043e\u0434\/dvomesecni-program-yoge\/\",\"name\":\"Two-Month Yoga Program - Registered Clients - Yoga Studio Bliss\",\"isPartOf\":{\"@id\":\"https:\/\/yogastudiobliss.org\/en\/#website\"},\"datePublished\":\"2021-10-27T19:47:56+00:00\",\"dateModified\":\"2024-09-01T01:56:46+00:00\",\"breadcrumb\":{\"@id\":\"https:\/\/yogastudiobliss.org\/en\/\u043f\u0440\u043e\u0438\u0437\u0432\u043e\u0434\/dvomesecni-program-yoge\/#breadcrumb\"},\"inLanguage\":\"en-US\",\"potentialAction\":[{\"@type\":\"ReadAction\",\"target\":[\"https:\/\/yogastudiobliss.org\/en\/\u043f\u0440\u043e\u0438\u0437\u0432\u043e\u0434\/dvomesecni-program-yoge\/\"]}]},{\"@type\":\"BreadcrumbList\",\"@id\":\"https:\/\/yogastudiobliss.org\/en\/\u043f\u0440\u043e\u0438\u0437\u0432\u043e\u0434\/dvomesecni-program-yoge\/#breadcrumb\",\"itemListElement\":[{\"@type\":\"ListItem\",\"position\":1,\"name\":\"Po\u010detna\",\"item\":\"https:\/\/yogastudiobliss.org\/en\/\"},{\"@type\":\"ListItem\",\"position\":2,\"name\":\"Shop\",\"item\":\"https:\/\/yogastudiobliss.org\/en\/shop\/\"},{\"@type\":\"ListItem\",\"position\":3,\"name\":\"Two-Month Yoga Program &#8211; Registered Clients\"}]},{\"@type\":\"WebSite\",\"@id\":\"https:\/\/yogastudiobliss.org\/en\/#website\",\"url\":\"https:\/\/yogastudiobliss.org\/en\/\",\"name\":\"Yoga Studio Bliss\",\"description\":\"\",\"publisher\":{\"@id\":\"https:\/\/yogastudiobliss.org\/en\/#organization\"},\"potentialAction\":[{\"@type\":\"SearchAction\",\"target\":{\"@type\":\"EntryPoint\",\"urlTemplate\":\"https:\/\/yogastudiobliss.org\/en\/?s={search_term_string}\"},\"query-input\":\"required name=search_term_string\"}],\"inLanguage\":\"en-US\"},{\"@type\":\"Organization\",\"@id\":\"https:\/\/yogastudiobliss.org\/en\/#organization\",\"name\":\"Yoga Studio Bliss\",\"url\":\"https:\/\/yogastudiobliss.org\/en\/\",\"logo\":{\"@type\":\"ImageObject\",\"inLanguage\":\"en-US\",\"@id\":\"https:\/\/yogastudiobliss.org\/en\/#\/schema\/logo\/image\/\",\"url\":\"https:\/\/yogastudiobliss.org\/en\/wp-content\/uploads\/2020\/06\/favikon-lotus-bez.png\",\"contentUrl\":\"https:\/\/yogastudiobliss.org\/en\/wp-content\/uploads\/2020\/06\/favikon-lotus-bez.png\",\"width\":200,\"height\":200,\"caption\":\"Yoga Studio Bliss\"},\"image\":{\"@id\":\"https:\/\/yogastudiobliss.org\/en\/#\/schema\/logo\/image\/\"}}]}<\/script>\n<!-- \/ Yoast SEO plugin. -->","yoast_head_json":{"title":"Two-Month Yoga Program - Registered Clients - Yoga Studio Bliss","robots":{"index":"index","follow":"follow","max-snippet":"max-snippet:-1","max-image-preview":"max-image-preview:large","max-video-preview":"max-video-preview:-1"},"canonical":"https:\/\/yogastudiobliss.org\/en\/\u043f\u0440\u043e\u0438\u0437\u0432\u043e\u0434\/dvomesecni-program-yoge\/","og_locale":"en_US","og_type":"article","og_title":"Two-Month Yoga Program - Registered Clients - Yoga Studio Bliss","og_description":"Dvomese\u010dni programam sa popustom od 15% za sve uplate izvr\u0161ene do 15.novembra!!!  Uz kombinaciju YIN yoge i HATHA yoge istovremeno OSNA\u017dITE i OPUSTITE telo i um!  16 \u010dasova po va\u0161em izboru u periodu od 01.11.2021 do 01.01.2021 u studio Blis ili OnLine","og_url":"https:\/\/yogastudiobliss.org\/en\/\u043f\u0440\u043e\u0438\u0437\u0432\u043e\u0434\/dvomesecni-program-yoge\/","og_site_name":"Yoga Studio Bliss","article_modified_time":"2024-09-01T01:56:46+00:00","twitter_card":"summary_large_image","schema":{"@context":"https:\/\/schema.org","@graph":[{"@type":"WebPage","@id":"https:\/\/yogastudiobliss.org\/en\/\u043f\u0440\u043e\u0438\u0437\u0432\u043e\u0434\/dvomesecni-program-yoge\/","url":"https:\/\/yogastudiobliss.org\/en\/\u043f\u0440\u043e\u0438\u0437\u0432\u043e\u0434\/dvomesecni-program-yoge\/","name":"Two-Month Yoga Program - Registered Clients - Yoga Studio Bliss","isPartOf":{"@id":"https:\/\/yogastudiobliss.org\/en\/#website"},"datePublished":"2021-10-27T19:47:56+00:00","dateModified":"2024-09-01T01:56:46+00:00","breadcrumb":{"@id":"https:\/\/yogastudiobliss.org\/en\/\u043f\u0440\u043e\u0438\u0437\u0432\u043e\u0434\/dvomesecni-program-yoge\/#breadcrumb"},"inLanguage":"en-US","potentialAction":[{"@type":"ReadAction","target":["https:\/\/yogastudiobliss.org\/en\/\u043f\u0440\u043e\u0438\u0437\u0432\u043e\u0434\/dvomesecni-program-yoge\/"]}]},{"@type":"BreadcrumbList","@id":"https:\/\/yogastudiobliss.org\/en\/\u043f\u0440\u043e\u0438\u0437\u0432\u043e\u0434\/dvomesecni-program-yoge\/#breadcrumb","itemListElement":[{"@type":"ListItem","position":1,"name":"Po\u010detna","item":"https:\/\/yogastudiobliss.org\/en\/"},{"@type":"ListItem","position":2,"name":"Shop","item":"https:\/\/yogastudiobliss.org\/en\/shop\/"},{"@type":"ListItem","position":3,"name":"Two-Month Yoga Program &#8211; Registered Clients"}]},{"@type":"WebSite","@id":"https:\/\/yogastudiobliss.org\/en\/#website","url":"https:\/\/yogastudiobliss.org\/en\/","name":"Yoga Studio Bliss","description":"","publisher":{"@id":"https:\/\/yogastudiobliss.org\/en\/#organization"},"potentialAction":[{"@type":"SearchAction","target":{"@type":"EntryPoint","urlTemplate":"https:\/\/yogastudiobliss.org\/en\/?s={search_term_string}"},"query-input":"required name=search_term_string"}],"inLanguage":"en-US"},{"@type":"Organization","@id":"https:\/\/yogastudiobliss.org\/en\/#organization","name":"Yoga Studio Bliss","url":"https:\/\/yogastudiobliss.org\/en\/","logo":{"@type":"ImageObject","inLanguage":"en-US","@id":"https:\/\/yogastudiobliss.org\/en\/#\/schema\/logo\/image\/","url":"https:\/\/yogastudiobliss.org\/en\/wp-content\/uploads\/2020\/06\/favikon-lotus-bez.png","contentUrl":"https:\/\/yogastudiobliss.org\/en\/wp-content\/uploads\/2020\/06\/favikon-lotus-bez.png","width":200,"height":200,"caption":"Yoga Studio Bliss"},"image":{"@id":"https:\/\/yogastudiobliss.org\/en\/#\/schema\/logo\/image\/"}}]}},"_links":{"self":[{"href":"https:\/\/yogastudiobliss.org\/en\/wp-json\/wp\/v2\/product\/4092"}],"collection":[{"href":"https:\/\/yogastudiobliss.org\/en\/wp-json\/wp\/v2\/product"}],"about":[{"href":"https:\/\/yogastudiobliss.org\/en\/wp-json\/wp\/v2\/types\/product"}],"version-history":[{"count":5,"href":"https:\/\/yogastudiobliss.org\/en\/wp-json\/wp\/v2\/product\/4092\/revisions"}],"predecessor-version":[{"id":6189,"href":"https:\/\/yogastudiobliss.org\/en\/wp-json\/wp\/v2\/product\/4092\/revisions\/6189"}],"wp:attachment":[{"href":"https:\/\/yogastudiobliss.org\/en\/wp-json\/wp\/v2\/media?parent=4092"}],"wp:term":[{"taxonomy":"product_cat","embeddable":true,"href":"https:\/\/yogastudiobliss.org\/en\/wp-json\/wp\/v2\/product_cat?post=4092"},{"taxonomy":"product_tag","embeddable":true,"href":"https:\/\/yogastudiobliss.org\/en\/wp-json\/wp\/v2\/product_tag?post=4092"}],"curies":[{"name":"wp","href":"https:\/\/api.w.org\/{rel}","templated":true}]}}