{"id":3419,"date":"2021-09-27T21:20:45","date_gmt":"2021-09-27T21:20:45","guid":{"rendered":"https:\/\/yogastudiobliss.org\/contact-us\/"},"modified":"2025-09-22T13:34:12","modified_gmt":"2025-09-22T13:34:12","slug":"kontakt","status":"publish","type":"page","link":"https:\/\/yogastudiobliss.org\/en\/kontakt\/","title":{"rendered":"Kontakt"},"content":{"rendered":"\t\t<div data-elementor-type=\"wp-page\" data-elementor-id=\"3419\" class=\"elementor elementor-3419\" data-elementor-post-type=\"page\">\n\t\t\t\t\t\t<section class=\"elementor-section elementor-top-section elementor-element elementor-element-7b431ef7 elementor-section-height-min-height elementor-section-items-stretch elementor-section-content-middle elementor-reverse-mobile elementor-reverse-tablet elementor-section-boxed elementor-section-height-default\" data-id=\"7b431ef7\" data-element_type=\"section\" data-settings=\"{&quot;background_background&quot;:&quot;classic&quot;,&quot;background_motion_fx_motion_fx_mouse&quot;:&quot;yes&quot;,&quot;background_motion_fx_mouseTrack_effect&quot;:&quot;yes&quot;,&quot;background_motion_fx_mouseTrack_speed&quot;:{&quot;unit&quot;:&quot;px&quot;,&quot;size&quot;:&quot;0.3&quot;,&quot;sizes&quot;:[]},&quot;shape_divider_top&quot;:&quot;waves&quot;,&quot;shape_divider_bottom&quot;:&quot;waves&quot;}\">\n\t\t\t\t\t<div class=\"elementor-shape elementor-shape-top\" data-negative=\"false\">\n\t\t\t<svg xmlns=\"http:\/\/www.w3.org\/2000\/svg\" viewBox=\"0 0 1000 100\" preserveAspectRatio=\"none\">\n\t<path class=\"elementor-shape-fill\" d=\"M421.9,6.5c22.6-2.5,51.5,0.4,75.5,5.3c23.6,4.9,70.9,23.5,100.5,35.7c75.8,32.2,133.7,44.5,192.6,49.7\n\tc23.6,2.1,48.7,3.5,103.4-2.5c54.7-6,106.2-25.6,106.2-25.6V0H0v30.3c0,0,72,32.6,158.4,30.5c39.2-0.7,92.8-6.7,134-22.4\n\tc21.2-8.1,52.2-18.2,79.7-24.2C399.3,7.9,411.6,7.5,421.9,6.5z\"\/>\n<\/svg>\t\t<\/div>\n\t\t\t\t<div class=\"elementor-shape elementor-shape-bottom\" data-negative=\"false\">\n\t\t\t<svg xmlns=\"http:\/\/www.w3.org\/2000\/svg\" viewBox=\"0 0 1000 100\" preserveAspectRatio=\"none\">\n\t<path class=\"elementor-shape-fill\" d=\"M421.9,6.5c22.6-2.5,51.5,0.4,75.5,5.3c23.6,4.9,70.9,23.5,100.5,35.7c75.8,32.2,133.7,44.5,192.6,49.7\n\tc23.6,2.1,48.7,3.5,103.4-2.5c54.7-6,106.2-25.6,106.2-25.6V0H0v30.3c0,0,72,32.6,158.4,30.5c39.2-0.7,92.8-6.7,134-22.4\n\tc21.2-8.1,52.2-18.2,79.7-24.2C399.3,7.9,411.6,7.5,421.9,6.5z\"\/>\n<\/svg>\t\t<\/div>\n\t\t\t\t\t<div class=\"elementor-container elementor-column-gap-default\">\n\t\t\t\t\t<div class=\"elementor-column elementor-col-50 elementor-top-column elementor-element elementor-element-5baacce2\" data-id=\"5baacce2\" data-element_type=\"column\">\n\t\t\t<div class=\"elementor-widget-wrap elementor-element-populated\">\n\t\t\t\t\t\t<div class=\"elementor-element elementor-element-2c95f7c9 elementor-widget elementor-widget-heading\" data-id=\"2c95f7c9\" data-element_type=\"widget\" data-widget_type=\"heading.default\">\n\t\t\t\t<div class=\"elementor-widget-container\">\n\t\t\t<h1 class=\"elementor-heading-title elementor-size-default\">Kontaktirajte nas<\/h1>\t\t<\/div>\n\t\t\t\t<\/div>\n\t\t\t\t<section class=\"elementor-section elementor-inner-section elementor-element elementor-element-4cad783 elementor-section-boxed elementor-section-height-default elementor-section-height-default\" data-id=\"4cad783\" data-element_type=\"section\">\n\t\t\t\t\t\t<div class=\"elementor-container elementor-column-gap-default\">\n\t\t\t\t\t<div class=\"elementor-column elementor-col-100 elementor-inner-column elementor-element elementor-element-c5cf8f5\" data-id=\"c5cf8f5\" data-element_type=\"column\">\n\t\t\t<div class=\"elementor-widget-wrap elementor-element-populated\">\n\t\t\t\t\t\t<div class=\"elementor-element elementor-element-524005f elementor-position-left elementor-view-default elementor-mobile-position-top elementor-vertical-align-top elementor-widget elementor-widget-icon-box\" data-id=\"524005f\" data-element_type=\"widget\" data-widget_type=\"icon-box.default\">\n\t\t\t\t<div class=\"elementor-widget-container\">\n\t\t\t\t\t<div class=\"elementor-icon-box-wrapper\">\n\n\t\t\t\t\t\t<div class=\"elementor-icon-box-icon\">\n\t\t\t\t<a href=\"tel:+381641674187\" class=\"elementor-icon elementor-animation-\" tabindex=\"-1\">\n\t\t\t\t<i aria-hidden=\"true\" class=\"fas fa-envelope\"><\/i>\t\t\t\t<\/a>\n\t\t\t<\/div>\n\t\t\t\n\t\t\t\t\t\t<div class=\"elementor-icon-box-content\">\n\n\t\t\t\t\t\t\t\t\t<h3 class=\"elementor-icon-box-title\">\n\t\t\t\t\t\t<a href=\"tel:+381641674187\" >\n\t\t\t\t\t\t\tyogastudioblis@gmail.com\t\t\t\t\t\t<\/a>\n\t\t\t\t\t<\/h3>\n\t\t\t\t\n\t\t\t\t\n\t\t\t<\/div>\n\t\t\t\n\t\t<\/div>\n\t\t\t\t<\/div>\n\t\t\t\t<\/div>\n\t\t\t\t<div class=\"elementor-element elementor-element-5874213 elementor-position-left elementor-view-default elementor-mobile-position-top elementor-vertical-align-top elementor-widget elementor-widget-icon-box\" data-id=\"5874213\" data-element_type=\"widget\" data-widget_type=\"icon-box.default\">\n\t\t\t\t<div class=\"elementor-widget-container\">\n\t\t\t\t\t<div class=\"elementor-icon-box-wrapper\">\n\n\t\t\t\t\t\t<div class=\"elementor-icon-box-icon\">\n\t\t\t\t<a href=\"tel:+381641674187\" class=\"elementor-icon elementor-animation-\" tabindex=\"-1\">\n\t\t\t\t<i aria-hidden=\"true\" class=\"fas fa-phone\"><\/i>\t\t\t\t<\/a>\n\t\t\t<\/div>\n\t\t\t\n\t\t\t\t\t\t<div class=\"elementor-icon-box-content\">\n\n\t\t\t\t\t\t\t\t\t<h3 class=\"elementor-icon-box-title\">\n\t\t\t\t\t\t<a href=\"tel:+381641674187\" >\n\t\t\t\t\t\t\t+381 64 167 4 187\t\t\t\t\t\t<\/a>\n\t\t\t\t\t<\/h3>\n\t\t\t\t\n\t\t\t\t\n\t\t\t<\/div>\n\t\t\t\n\t\t<\/div>\n\t\t\t\t<\/div>\n\t\t\t\t<\/div>\n\t\t\t\t\t<\/div>\n\t\t<\/div>\n\t\t\t\t\t<\/div>\n\t\t<\/section>\n\t\t\t\t\t<\/div>\n\t\t<\/div>\n\t\t\t\t<div class=\"elementor-column elementor-col-50 elementor-top-column elementor-element elementor-element-34a5a015\" data-id=\"34a5a015\" data-element_type=\"column\">\n\t\t\t<div class=\"elementor-widget-wrap elementor-element-populated\">\n\t\t\t\t\t\t<div class=\"elementor-element elementor-element-20bd7ce elementor-widget elementor-widget-google_maps\" data-id=\"20bd7ce\" data-element_type=\"widget\" data-widget_type=\"google_maps.default\">\n\t\t\t\t<div class=\"elementor-widget-container\">\n\t\t\t\t\t<div class=\"elementor-custom-embed\">\n\t\t\t<iframe loading=\"lazy\"\n\t\t\t\t\tsrc=\"https:\/\/maps.google.com\/maps?q=Budmanijeva%2017%2C%20Beograd%2011000&#038;t=m&#038;z=16&#038;output=embed&#038;iwloc=near\"\n\t\t\t\t\ttitle=\"Budmanijeva 17, Beograd 11000\"\n\t\t\t\t\taria-label=\"Budmanijeva 17, Beograd 11000\"\n\t\t\t><\/iframe>\n\t\t<\/div>\n\t\t\t\t<\/div>\n\t\t\t\t<\/div>\n\t\t\t\t\t<\/div>\n\t\t<\/div>\n\t\t\t\t\t<\/div>\n\t\t<\/section>\n\t\t\t\t<section class=\"elementor-section elementor-top-section elementor-element elementor-element-56c31228 elementor-section-height-min-height elementor-section-boxed elementor-section-height-default elementor-section-items-middle\" data-id=\"56c31228\" data-element_type=\"section\" data-settings=\"{&quot;background_background&quot;:&quot;classic&quot;}\">\n\t\t\t\t\t\t\t<div class=\"elementor-background-overlay\"><\/div>\n\t\t\t\t\t\t\t<div class=\"elementor-container elementor-column-gap-default\">\n\t\t\t\t\t<div class=\"elementor-column elementor-col-100 elementor-top-column elementor-element elementor-element-708b7b40\" data-id=\"708b7b40\" data-element_type=\"column\">\n\t\t\t<div class=\"elementor-widget-wrap elementor-element-populated\">\n\t\t\t\t\t\t<div class=\"elementor-element elementor-element-70aeb923 elementor-testimonial--skin-default elementor-testimonial--layout-image_inline elementor-testimonial--align-center elementor-pagination-type-bullets elementor-widget elementor-widget-testimonial-carousel\" data-id=\"70aeb923\" data-element_type=\"widget\" data-settings=\"{&quot;slides_per_view&quot;:&quot;1&quot;,&quot;slides_to_scroll&quot;:&quot;1&quot;,&quot;autoplay_speed&quot;:&quot;7000&quot;,&quot;pagination&quot;:&quot;bullets&quot;,&quot;speed&quot;:500,&quot;autoplay&quot;:&quot;yes&quot;,&quot;loop&quot;:&quot;yes&quot;,&quot;pause_on_hover&quot;:&quot;yes&quot;,&quot;pause_on_interaction&quot;:&quot;yes&quot;,&quot;space_between&quot;:{&quot;unit&quot;:&quot;px&quot;,&quot;size&quot;:10,&quot;sizes&quot;:[]},&quot;space_between_tablet&quot;:{&quot;unit&quot;:&quot;px&quot;,&quot;size&quot;:10,&quot;sizes&quot;:[]},&quot;space_between_mobile&quot;:{&quot;unit&quot;:&quot;px&quot;,&quot;size&quot;:10,&quot;sizes&quot;:[]}}\" data-widget_type=\"testimonial-carousel.default\">\n\t\t\t\t<div class=\"elementor-widget-container\">\n\t\t\t\t\t<div class=\"elementor-swiper\">\n\t\t\t<div class=\"elementor-main-swiper swiper\">\n\t\t\t\t<div class=\"swiper-wrapper\">\n\t\t\t\t\t\t\t\t\t\t\t<div class=\"swiper-slide\">\n\t\t\t\t\t\t\t\t\t<div class=\"elementor-testimonial\">\n\t\t\t\t\t\t\t<div class=\"elementor-testimonial__content\">\n\t\t\t\t\t<div class=\"elementor-testimonial__text\">\n\t\t\t\t\t\t\"Samo re\u010di hvale imam za studio Bliss! Prelep ambijent, odli\u010dna energija, vrhunska instruktorka Sanja u\u010dini\u0107e da \u010das preleti u treptaju oka. Sa \u010dasa odlazite rastere\u0107eni i puni energije!\"\t\t\t\t\t<\/div>\n\t\t\t\t\t\t\t\t\t<\/div>\n\t\t\t\t\t\t<div class=\"elementor-testimonial__footer\">\n\t\t\t\t\t\t\t\t<cite class=\"elementor-testimonial__cite\"><span class=\"elementor-testimonial__name\">Dragana Marinovi\u0107<\/span><\/cite>\t\t\t<\/div>\n\t\t<\/div>\n\t\t\t\t\t\t\t\t<\/div>\n\t\t\t\t\t\t\t\t\t\t\t<div class=\"swiper-slide\">\n\t\t\t\t\t\t\t\t\t<div class=\"elementor-testimonial\">\n\t\t\t\t\t\t\t<div class=\"elementor-testimonial__content\">\n\t\t\t\t\t<div class=\"elementor-testimonial__text\">\n\t\t\t\t\t\t\"Predivan, \u010dist i prostran studio sa kvalitetnim instruktorima. Pozdrav svima!\"\t\t\t\t\t<\/div>\n\t\t\t\t\t\t\t\t\t<\/div>\n\t\t\t\t\t\t<div class=\"elementor-testimonial__footer\">\n\t\t\t\t\t\t\t\t<cite class=\"elementor-testimonial__cite\"><span class=\"elementor-testimonial__name\">Isidora Milosevic <\/span><span class=\"elementor-testimonial__title\">Tai Chi Instruktor<\/span><\/cite>\t\t\t<\/div>\n\t\t<\/div>\n\t\t\t\t\t\t\t\t<\/div>\n\t\t\t\t\t\t\t\t\t\t\t<div class=\"swiper-slide\">\n\t\t\t\t\t\t\t\t\t<div class=\"elementor-testimonial\">\n\t\t\t\t\t\t\t<div class=\"elementor-testimonial__content\">\n\t\t\t\t\t<div class=\"elementor-testimonial__text\">\n\t\t\t\t\t\t\"Od prvog ulaska u studio osetila sam da je to to mesto! Mesto gde energija opu\u0161ta, gde su instruktori edukovani i \"pravi\", gde \u017eelite da ostanete, gde se ose\u0107ate slobodno, odakle iza\u0111ete sre\u0107ni i zadovoljni \u0161to ste takvo iskustvo sebi priu\u0161tili. Hvala \u0161to postojite!\"\t\t\t\t\t<\/div>\n\t\t\t\t\t\t\t\t\t<\/div>\n\t\t\t\t\t\t<div class=\"elementor-testimonial__footer\">\n\t\t\t\t\t\t\t\t<cite class=\"elementor-testimonial__cite\"><span class=\"elementor-testimonial__name\">Jovana Djordjevi\u0107<\/span><\/cite>\t\t\t<\/div>\n\t\t<\/div>\n\t\t\t\t\t\t\t\t<\/div>\n\t\t\t\t\t\t\t\t\t<\/div>\n\t\t\t\t\t\t\t\t\t\t\t\t\t\t\t<div class=\"swiper-pagination\"><\/div>\n\t\t\t\t\t\t\t\t\t\t\t\t\t\t\t\t\t<\/div>\n\t\t<\/div>\n\t\t\t\t<\/div>\n\t\t\t\t<\/div>\n\t\t\t\t\t<\/div>\n\t\t<\/div>\n\t\t\t\t\t<\/div>\n\t\t<\/section>\n\t\t\t\t<\/div>\n\t\t","protected":false},"excerpt":{"rendered":"<p>Kontaktirajte nas \u00a0 yogastudioblis@gmail.com \u00a0 +381 64 167 4 187 &#8220;Samo re\u010di hvale imam za studio Bliss! Prelep ambijent, odli\u010dna energija, vrhunska instruktorka Sanja u\u010dini\u0107e da \u010das preleti u treptaju oka. Sa \u010dasa odlazite rastere\u0107eni i puni energije!&#8221; Dragana Marinovi\u0107 &#8220;Predivan, \u010dist i prostran studio sa kvalitetnim instruktorima. Pozdrav svima!&#8221; Isidora Milosevic Tai Chi Instruktor [&hellip;]<\/p>\n","protected":false},"author":6,"featured_media":0,"parent":0,"menu_order":0,"comment_status":"closed","ping_status":"closed","template":"","meta":{"footnotes":""},"class_list":["post-3419","page","type-page","status-publish","hentry"],"yoast_head":"<!-- This site is optimized with the Yoast SEO plugin v23.3 - https:\/\/yoast.com\/wordpress\/plugins\/seo\/ -->\n<title>Kontakt - Yoga Studio Bliss<\/title>\n<meta name=\"description\" content=\"Ready to begin? Your yoga journey starts with a conversation. Connect with the Yoga Studio Bliss team for any questions. We can&#039;t wait to hear from you!\" \/>\n<meta name=\"robots\" content=\"index, follow, max-snippet:-1, max-image-preview:large, max-video-preview:-1\" \/>\n<link rel=\"canonical\" href=\"https:\/\/yogastudiobliss.org\/en\/kontakt\/\" \/>\n<meta property=\"og:locale\" content=\"en_US\" \/>\n<meta property=\"og:type\" content=\"article\" \/>\n<meta property=\"og:title\" content=\"Kontakt - Yoga Studio Bliss\" \/>\n<meta property=\"og:description\" content=\"Ready to begin? Your yoga journey starts with a conversation. Connect with the Yoga Studio Bliss team for any questions. We can&#039;t wait to hear from you!\" \/>\n<meta property=\"og:url\" content=\"https:\/\/yogastudiobliss.org\/en\/kontakt\/\" \/>\n<meta property=\"og:site_name\" content=\"Yoga Studio Bliss\" \/>\n<meta property=\"article:modified_time\" content=\"2025-09-22T13:34:12+00:00\" \/>\n<meta name=\"twitter:card\" content=\"summary_large_image\" \/>\n<meta name=\"twitter:label1\" content=\"Est. reading time\" \/>\n\t<meta name=\"twitter:data1\" content=\"1 minute\" \/>\n<script type=\"application\/ld+json\" class=\"yoast-schema-graph\">{\"@context\":\"https:\/\/schema.org\",\"@graph\":[{\"@type\":\"WebPage\",\"@id\":\"https:\/\/yogastudiobliss.org\/en\/kontakt\/\",\"url\":\"https:\/\/yogastudiobliss.org\/en\/kontakt\/\",\"name\":\"Kontakt - Yoga Studio Bliss\",\"isPartOf\":{\"@id\":\"https:\/\/yogastudiobliss.org\/en\/#website\"},\"datePublished\":\"2021-09-27T21:20:45+00:00\",\"dateModified\":\"2025-09-22T13:34:12+00:00\",\"description\":\"Ready to begin? Your yoga journey starts with a conversation. Connect with the Yoga Studio Bliss team for any questions. We can't wait to hear from you!\",\"breadcrumb\":{\"@id\":\"https:\/\/yogastudiobliss.org\/en\/kontakt\/#breadcrumb\"},\"inLanguage\":\"en-US\",\"potentialAction\":[{\"@type\":\"ReadAction\",\"target\":[\"https:\/\/yogastudiobliss.org\/en\/kontakt\/\"]}]},{\"@type\":\"BreadcrumbList\",\"@id\":\"https:\/\/yogastudiobliss.org\/en\/kontakt\/#breadcrumb\",\"itemListElement\":[{\"@type\":\"ListItem\",\"position\":1,\"name\":\"Po\u010detna\",\"item\":\"https:\/\/yogastudiobliss.org\/en\/\"},{\"@type\":\"ListItem\",\"position\":2,\"name\":\"Kontakt\"}]},{\"@type\":\"WebSite\",\"@id\":\"https:\/\/yogastudiobliss.org\/en\/#website\",\"url\":\"https:\/\/yogastudiobliss.org\/en\/\",\"name\":\"Yoga Studio Bliss\",\"description\":\"\",\"publisher\":{\"@id\":\"https:\/\/yogastudiobliss.org\/en\/#organization\"},\"potentialAction\":[{\"@type\":\"SearchAction\",\"target\":{\"@type\":\"EntryPoint\",\"urlTemplate\":\"https:\/\/yogastudiobliss.org\/en\/?s={search_term_string}\"},\"query-input\":\"required name=search_term_string\"}],\"inLanguage\":\"en-US\"},{\"@type\":\"Organization\",\"@id\":\"https:\/\/yogastudiobliss.org\/en\/#organization\",\"name\":\"Yoga Studio Bliss\",\"url\":\"https:\/\/yogastudiobliss.org\/en\/\",\"logo\":{\"@type\":\"ImageObject\",\"inLanguage\":\"en-US\",\"@id\":\"https:\/\/yogastudiobliss.org\/en\/#\/schema\/logo\/image\/\",\"url\":\"https:\/\/yogastudiobliss.org\/en\/wp-content\/uploads\/2020\/06\/favikon-lotus-bez.png\",\"contentUrl\":\"https:\/\/yogastudiobliss.org\/en\/wp-content\/uploads\/2020\/06\/favikon-lotus-bez.png\",\"width\":200,\"height\":200,\"caption\":\"Yoga Studio Bliss\"},\"image\":{\"@id\":\"https:\/\/yogastudiobliss.org\/en\/#\/schema\/logo\/image\/\"}}]}<\/script>\n<!-- \/ Yoast SEO plugin. -->","yoast_head_json":{"title":"Kontakt - Yoga Studio Bliss","description":"Ready to begin? Your yoga journey starts with a conversation. Connect with the Yoga Studio Bliss team for any questions. We can't wait to hear from you!","robots":{"index":"index","follow":"follow","max-snippet":"max-snippet:-1","max-image-preview":"max-image-preview:large","max-video-preview":"max-video-preview:-1"},"canonical":"https:\/\/yogastudiobliss.org\/en\/kontakt\/","og_locale":"en_US","og_type":"article","og_title":"Kontakt - Yoga Studio Bliss","og_description":"Ready to begin? Your yoga journey starts with a conversation. Connect with the Yoga Studio Bliss team for any questions. We can't wait to hear from you!","og_url":"https:\/\/yogastudiobliss.org\/en\/kontakt\/","og_site_name":"Yoga Studio Bliss","article_modified_time":"2025-09-22T13:34:12+00:00","twitter_card":"summary_large_image","twitter_misc":{"Est. reading time":"1 minute"},"schema":{"@context":"https:\/\/schema.org","@graph":[{"@type":"WebPage","@id":"https:\/\/yogastudiobliss.org\/en\/kontakt\/","url":"https:\/\/yogastudiobliss.org\/en\/kontakt\/","name":"Kontakt - Yoga Studio Bliss","isPartOf":{"@id":"https:\/\/yogastudiobliss.org\/en\/#website"},"datePublished":"2021-09-27T21:20:45+00:00","dateModified":"2025-09-22T13:34:12+00:00","description":"Ready to begin? Your yoga journey starts with a conversation. Connect with the Yoga Studio Bliss team for any questions. We can't wait to hear from you!","breadcrumb":{"@id":"https:\/\/yogastudiobliss.org\/en\/kontakt\/#breadcrumb"},"inLanguage":"en-US","potentialAction":[{"@type":"ReadAction","target":["https:\/\/yogastudiobliss.org\/en\/kontakt\/"]}]},{"@type":"BreadcrumbList","@id":"https:\/\/yogastudiobliss.org\/en\/kontakt\/#breadcrumb","itemListElement":[{"@type":"ListItem","position":1,"name":"Po\u010detna","item":"https:\/\/yogastudiobliss.org\/en\/"},{"@type":"ListItem","position":2,"name":"Kontakt"}]},{"@type":"WebSite","@id":"https:\/\/yogastudiobliss.org\/en\/#website","url":"https:\/\/yogastudiobliss.org\/en\/","name":"Yoga Studio Bliss","description":"","publisher":{"@id":"https:\/\/yogastudiobliss.org\/en\/#organization"},"potentialAction":[{"@type":"SearchAction","target":{"@type":"EntryPoint","urlTemplate":"https:\/\/yogastudiobliss.org\/en\/?s={search_term_string}"},"query-input":"required name=search_term_string"}],"inLanguage":"en-US"},{"@type":"Organization","@id":"https:\/\/yogastudiobliss.org\/en\/#organization","name":"Yoga Studio Bliss","url":"https:\/\/yogastudiobliss.org\/en\/","logo":{"@type":"ImageObject","inLanguage":"en-US","@id":"https:\/\/yogastudiobliss.org\/en\/#\/schema\/logo\/image\/","url":"https:\/\/yogastudiobliss.org\/en\/wp-content\/uploads\/2020\/06\/favikon-lotus-bez.png","contentUrl":"https:\/\/yogastudiobliss.org\/en\/wp-content\/uploads\/2020\/06\/favikon-lotus-bez.png","width":200,"height":200,"caption":"Yoga Studio Bliss"},"image":{"@id":"https:\/\/yogastudiobliss.org\/en\/#\/schema\/logo\/image\/"}}]}},"_links":{"self":[{"href":"https:\/\/yogastudiobliss.org\/en\/wp-json\/wp\/v2\/pages\/3419"}],"collection":[{"href":"https:\/\/yogastudiobliss.org\/en\/wp-json\/wp\/v2\/pages"}],"about":[{"href":"https:\/\/yogastudiobliss.org\/en\/wp-json\/wp\/v2\/types\/page"}],"author":[{"embeddable":true,"href":"https:\/\/yogastudiobliss.org\/en\/wp-json\/wp\/v2\/users\/6"}],"replies":[{"embeddable":true,"href":"https:\/\/yogastudiobliss.org\/en\/wp-json\/wp\/v2\/comments?post=3419"}],"version-history":[{"count":212,"href":"https:\/\/yogastudiobliss.org\/en\/wp-json\/wp\/v2\/pages\/3419\/revisions"}],"predecessor-version":[{"id":6838,"href":"https:\/\/yogastudiobliss.org\/en\/wp-json\/wp\/v2\/pages\/3419\/revisions\/6838"}],"wp:attachment":[{"href":"https:\/\/yogastudiobliss.org\/en\/wp-json\/wp\/v2\/media?parent=3419"}],"curies":[{"name":"wp","href":"https:\/\/api.w.org\/{rel}","templated":true}]}}